{"id":2119,"date":"2020-05-12T00:48:22","date_gmt":"2020-05-11T22:48:22","guid":{"rendered":"http:\/\/www.puregoldmaroc.com\/ma\/?page_id=2119"},"modified":"2020-05-12T10:24:40","modified_gmt":"2020-05-12T08:24:40","slug":"a-propos-de-nous","status":"publish","type":"page","link":"https:\/\/www.puregoldmaroc.com\/ma\/index.php\/a-propos-de-nous\/","title":{"rendered":"\u00c0 propos de nous"},"content":{"rendered":"<p><a href=\"http:\/\/www.puregoldmaroc.com\/ma\/wp-content\/uploads\/2020\/05\/about_2.jpg\"><img decoding=\"async\" class=\" wp-image-25 alignleft\" src=\"http:\/\/www.puregoldmaroc.com\/ma\/wp-content\/uploads\/2020\/05\/about_2-276x300.jpg\" alt=\"\" width=\"120\" height=\"130\" srcset=\"https:\/\/www.puregoldmaroc.com\/ma\/wp-content\/uploads\/2020\/05\/about_2-276x300.jpg 276w, https:\/\/www.puregoldmaroc.com\/ma\/wp-content\/uploads\/2020\/05\/about_2.jpg 369w\" sizes=\"(max-width: 120px) 100vw, 120px\" \/><\/a><span style=\"font-size: 18pt;\">Lorsque nous avons d\u00e9cid\u00e9 de cr\u00e9er Puregold, nous voulions quelque chose \u00e0 boire tout au long <\/span><span style=\"font-size: 18pt;\">la journ\u00e9e, sans aucun effet secondaire. Une boisson qui r\u00e9duirait le stress, mais aussi<\/span><br \/>\n<span style=\"font-size: 18pt;\">garderait vous pointu, concentr\u00e9, cr\u00e9ez et productif.<\/span><\/p>\n<p>&nbsp;<\/p>\n<p style=\"text-align: center;\"><span style=\"color: #e6c232; font-size: 18pt;\">BOISSON \u00c9NERGISANTE PURE GOLD<\/span><\/p>\n<p><span style=\"font-size: 14pt;\">BOISSON \u00c9NERGISANTE PURE GOLD BOISSON \u00c9NERGISANTE AVEC TAURINE ET CAF\u00c9INE. TENEUR \u00c9LEV\u00c9E EN CAF\u00c9INE (32 MG\/100 ML). D\u00c9CONSEILL\u00c9 AUX ENFANTS ET AUX FEMMES ENCEINTES OU ALLAITANTES. PASTEURIS\u00c9. INGR\u00c9DIENTS : EAU, SUCRE, SIROP DE GLUCOSE-FRUCTOSE, ACIDE : ACIDE CITRIQUE ; DIOXYDE DE CARBONE, TAURINE (0,4 %), R\u00c9GULATEURS D\u2019ACIDIT\u00c9 : CITRATE DE SODIUM ET CARBONATE DE MAGN\u00c9SIUM ; CAF\u00c9INE (0,032 %), GLUCURONOLACTONE (0,024 %), INOSITOL (0,02 %), AR\u00d4MES, VITAMINES (NIACINE, ACIDE PANTOTH\u00c9NIQUE, B6, B2, B12), COLORANT : CARAMEL E150A.<\/span><\/p>\n<p style=\"text-align: center;\"><a href=\"http:\/\/www.puregoldmaroc.com\/ma\/wp-content\/uploads\/2020\/05\/home2_bg2.jpg\"><img fetchpriority=\"high\" decoding=\"async\" class=\"alignnone wp-image-2174\" src=\"http:\/\/www.puregoldmaroc.com\/ma\/wp-content\/uploads\/2020\/05\/home2_bg2-300x151.jpg\" alt=\"\" width=\"517\" height=\"260\" srcset=\"https:\/\/www.puregoldmaroc.com\/ma\/wp-content\/uploads\/2020\/05\/home2_bg2-300x151.jpg 300w, https:\/\/www.puregoldmaroc.com\/ma\/wp-content\/uploads\/2020\/05\/home2_bg2-1024x516.jpg 1024w, https:\/\/www.puregoldmaroc.com\/ma\/wp-content\/uploads\/2020\/05\/home2_bg2-768x387.jpg 768w, https:\/\/www.puregoldmaroc.com\/ma\/wp-content\/uploads\/2020\/05\/home2_bg2-1536x773.jpg 1536w, https:\/\/www.puregoldmaroc.com\/ma\/wp-content\/uploads\/2020\/05\/home2_bg2-1000x500.jpg 1000w, https:\/\/www.puregoldmaroc.com\/ma\/wp-content\/uploads\/2020\/05\/home2_bg2-1140x574.jpg 1140w, https:\/\/www.puregoldmaroc.com\/ma\/wp-content\/uploads\/2020\/05\/home2_bg2-848x427.jpg 848w, https:\/\/www.puregoldmaroc.com\/ma\/wp-content\/uploads\/2020\/05\/home2_bg2.jpg 1992w\" sizes=\"(max-width: 517px) 100vw, 517px\" \/><\/a><\/p>\n","protected":false},"excerpt":{"rendered":"<p>Lorsque nous avons d\u00e9cid\u00e9 de cr\u00e9er Puregold, nous voulions quelque chose \u00e0 boire tout au long la journ\u00e9e, sans aucun effet secondaire. Une boisson qui r\u00e9duirait le stress, mais aussi garderait vous pointu, concentr\u00e9, cr\u00e9ez et productif. &nbsp; BOISSON \u00c9NERGISANTE PURE GOLD BOISSON \u00c9NERGISANTE PURE GOLD BOISSON \u00c9NERGISANTE AVEC TAURINE ET CAF\u00c9INE. TENEUR \u00c9LEV\u00c9E EN [&hellip;]<\/p>\n","protected":false},"author":1,"featured_media":0,"parent":0,"menu_order":0,"comment_status":"closed","ping_status":"closed","template":"","meta":{"footnotes":""},"class_list":["post-2119","page","type-page","status-publish","hentry"],"_links":{"self":[{"href":"https:\/\/www.puregoldmaroc.com\/ma\/index.php\/wp-json\/wp\/v2\/pages\/2119","targetHints":{"allow":["GET"]}}],"collection":[{"href":"https:\/\/www.puregoldmaroc.com\/ma\/index.php\/wp-json\/wp\/v2\/pages"}],"about":[{"href":"https:\/\/www.puregoldmaroc.com\/ma\/index.php\/wp-json\/wp\/v2\/types\/page"}],"author":[{"embeddable":true,"href":"https:\/\/www.puregoldmaroc.com\/ma\/index.php\/wp-json\/wp\/v2\/users\/1"}],"replies":[{"embeddable":true,"href":"https:\/\/www.puregoldmaroc.com\/ma\/index.php\/wp-json\/wp\/v2\/comments?post=2119"}],"version-history":[{"count":11,"href":"https:\/\/www.puregoldmaroc.com\/ma\/index.php\/wp-json\/wp\/v2\/pages\/2119\/revisions"}],"predecessor-version":[{"id":2182,"href":"https:\/\/www.puregoldmaroc.com\/ma\/index.php\/wp-json\/wp\/v2\/pages\/2119\/revisions\/2182"}],"wp:attachment":[{"href":"https:\/\/www.puregoldmaroc.com\/ma\/index.php\/wp-json\/wp\/v2\/media?parent=2119"}],"curies":[{"name":"wp","href":"https:\/\/api.w.org\/{rel}","templated":true}]}}